{"id":403,"date":"2024-08-16T23:02:21","date_gmt":"2024-08-16T21:02:21","guid":{"rendered":"https:\/\/www.dumoshi.com\/?page_id=403"},"modified":"2025-11-03T13:04:05","modified_gmt":"2025-11-03T11:04:05","slug":"aktivitetet","status":"publish","type":"page","link":"https:\/\/www.dumoshi.com\/sq\/aktivitetet\/","title":{"rendered":"Aktivitetet"},"content":{"rendered":"\t\t<div data-elementor-type=\"wp-page\" data-elementor-id=\"403\" class=\"elementor elementor-403\">\n\t\t\t\t<div class=\"elementor-element elementor-element-a0c1dfd e-flex e-con-boxed e-con e-parent\" data-id=\"a0c1dfd\" data-element_type=\"container\" data-e-type=\"container\">\n\t\t\t\t\t<div class=\"e-con-inner\">\n\t\t<div class=\"elementor-element elementor-element-9b9cbb6 e-con-full e-flex e-con e-child\" data-id=\"9b9cbb6\" data-element_type=\"container\" data-e-type=\"container\">\n\t\t\t\t<div class=\"elementor-element elementor-element-01dc912 elementor-widget elementor-widget-text-editor\" data-id=\"01dc912\" data-element_type=\"widget\" data-e-type=\"widget\" data-widget_type=\"text-editor.default\">\n\t\t\t\t<div class=\"elementor-widget-container\">\n\t\t\t\t\t\t\t\t\t<p>Shoqata humanitare &#8220;Dumoshi&#8221; ka intensifikuar punimet n\u00eb infrastruktur\u00ebn e fshatit Dumosh, n\u00eb komun\u00ebn e Podujev\u00ebs, duke p\u00ebrmir\u00ebsuar k\u00ebshtu hap\u00ebsirat publike dhe cil\u00ebsin\u00eb e jetes\u00ebs p\u00ebr banor\u00ebt. Fillimisht, jan\u00eb p\u00ebrgatitur dhe lavruar sip\u00ebrfaqet e mjaftueshme dhe jan\u00eb mbushur me dhe t\u00eb p\u00ebrshtatsh\u00ebm p\u00ebr mbjellje. N\u00eb vijim, k\u00ebto hap\u00ebsira do t\u00eb gjelb\u00ebrohen me mbjelljen e barit dhe pem\u00ebve, duke krijuar nj\u00eb mjedis t\u00eb fresk\u00ebt dhe t\u00eb sh\u00ebndetsh\u00ebm p\u00ebr komunitetin.<\/p><p>P\u00ebr t&#8217;u sh\u00ebrbyer vizitor\u00ebve dhe banor\u00ebve, do t\u00eb vendosen ul\u00ebse p\u00ebr pushuesit, nd\u00ebrsa hap\u00ebsirat do t\u00eb gjall\u00ebrohen me lule dekorative, duke i dh\u00ebn\u00eb zon\u00ebs nj\u00eb pamje m\u00eb t\u00eb bukur dhe t\u00ebrheq\u00ebse. Ky projekt p\u00ebrfaq\u00ebson nj\u00eb angazhim t\u00eb madh p\u00ebr zhvillimin dhe p\u00ebrmir\u00ebsimin e mjedisit n\u00eb Dumosh dhe synon t\u00eb ofroj\u00eb nj\u00eb hap\u00ebsir\u00eb t\u00eb re \u00e7lodhjeje dhe relaksi p\u00ebr t\u00eb gjith\u00eb banor\u00ebt e fshatit.<\/p>\t\t\t\t\t\t\t\t<\/div>\n\t\t\t\t<\/div>\n\t\t\t\t<\/div>\n\t\t<div class=\"elementor-element elementor-element-f38c0d9 e-con-full e-flex e-con e-child\" data-id=\"f38c0d9\" data-element_type=\"container\" data-e-type=\"container\">\n\t\t\t\t<div class=\"elementor-element elementor-element-c555fd3 elementor-widget elementor-widget-image\" data-id=\"c555fd3\" data-element_type=\"widget\" data-e-type=\"widget\" data-widget_type=\"image.default\">\n\t\t\t\t<div class=\"elementor-widget-container\">\n\t\t\t\t\t\t\t\t\t\t\t\t\t\t\t<img fetchpriority=\"high\" decoding=\"async\" width=\"768\" height=\"1024\" src=\"https:\/\/www.dumoshi.com\/wp-content\/uploads\/2024\/10\/viber_image_2024-10-31_16-46-01-502-768x1024.jpg\" class=\"attachment-large size-large wp-image-435\" alt=\"\" srcset=\"https:\/\/www.dumoshi.com\/wp-content\/uploads\/2024\/10\/viber_image_2024-10-31_16-46-01-502-768x1024.jpg 768w, https:\/\/www.dumoshi.com\/wp-content\/uploads\/2024\/10\/viber_image_2024-10-31_16-46-01-502-225x300.jpg 225w, https:\/\/www.dumoshi.com\/wp-content\/uploads\/2024\/10\/viber_image_2024-10-31_16-46-01-502-1152x1536.jpg 1152w, https:\/\/www.dumoshi.com\/wp-content\/uploads\/2024\/10\/viber_image_2024-10-31_16-46-01-502-9x12.jpg 9w, https:\/\/www.dumoshi.com\/wp-content\/uploads\/2024\/10\/viber_image_2024-10-31_16-46-01-502.jpg 1200w\" sizes=\"(max-width: 768px) 100vw, 768px\" \/>\t\t\t\t\t\t\t\t\t\t\t\t\t\t\t<\/div>\n\t\t\t\t<\/div>\n\t\t\t\t<\/div>\n\t\t<div class=\"elementor-element elementor-element-e597dd1 e-con-full e-flex e-con e-child\" data-id=\"e597dd1\" data-element_type=\"container\" data-e-type=\"container\">\n\t\t\t\t<div class=\"elementor-element elementor-element-772b16b elementor-widget elementor-widget-image\" data-id=\"772b16b\" data-element_type=\"widget\" data-e-type=\"widget\" data-widget_type=\"image.default\">\n\t\t\t\t<div class=\"elementor-widget-container\">\n\t\t\t\t\t\t\t\t\t\t\t\t\t\t\t<img decoding=\"async\" width=\"768\" height=\"1024\" src=\"https:\/\/www.dumoshi.com\/wp-content\/uploads\/2024\/10\/viber_image_2024-10-31_16-46-01-260-768x1024.jpg\" class=\"attachment-large size-large wp-image-434\" alt=\"\" srcset=\"https:\/\/www.dumoshi.com\/wp-content\/uploads\/2024\/10\/viber_image_2024-10-31_16-46-01-260-768x1024.jpg 768w, https:\/\/www.dumoshi.com\/wp-content\/uploads\/2024\/10\/viber_image_2024-10-31_16-46-01-260-225x300.jpg 225w, https:\/\/www.dumoshi.com\/wp-content\/uploads\/2024\/10\/viber_image_2024-10-31_16-46-01-260-1152x1536.jpg 1152w, https:\/\/www.dumoshi.com\/wp-content\/uploads\/2024\/10\/viber_image_2024-10-31_16-46-01-260-9x12.jpg 9w, https:\/\/www.dumoshi.com\/wp-content\/uploads\/2024\/10\/viber_image_2024-10-31_16-46-01-260.jpg 1200w\" sizes=\"(max-width: 768px) 100vw, 768px\" \/>\t\t\t\t\t\t\t\t\t\t\t\t\t\t\t<\/div>\n\t\t\t\t<\/div>\n\t\t\t\t<\/div>\n\t\t<div class=\"elementor-element elementor-element-602824e e-con-full e-flex e-con e-child\" data-id=\"602824e\" data-element_type=\"container\" data-e-type=\"container\">\n\t\t\t\t<div class=\"elementor-element elementor-element-0173baa elementor-widget elementor-widget-video\" data-id=\"0173baa\" data-element_type=\"widget\" data-e-type=\"widget\" data-settings=\"{&quot;video_type&quot;:&quot;hosted&quot;,&quot;controls&quot;:&quot;yes&quot;}\" data-widget_type=\"video.default\">\n\t\t\t\t<div class=\"elementor-widget-container\">\n\t\t\t\t\t\t\t<div class=\"e-hosted-video elementor-wrapper elementor-open-inline\">\n\t\t\t\t\t<video class=\"elementor-video\" src=\"https:\/\/www.dumoshi.com\/wp-content\/uploads\/2024\/10\/0-02-05-8ebffdd45314a9de38bc81b179b51ae62b4c7f2f2f9b8d5777e97aa39be4c0fa_815b859388fd7f2d-1.mp4\" controls=\"\" preload=\"metadata\" controlsList=\"nodownload\"><\/video>\n\t\t\t\t<\/div>\n\t\t\t\t\t\t<\/div>\n\t\t\t\t<\/div>\n\t\t\t\t<\/div>\n\t\t<div class=\"elementor-element elementor-element-0432130 e-con-full e-flex e-con e-child\" data-id=\"0432130\" data-element_type=\"container\" data-e-type=\"container\">\n\t\t\t\t<\/div>\n\t\t<div class=\"elementor-element elementor-element-7b3aa83 e-con-full e-flex e-con e-child\" data-id=\"7b3aa83\" data-element_type=\"container\" data-e-type=\"container\">\n\t\t\t\t<\/div>\n\t\t\t\t\t<\/div>\n\t\t\t\t<\/div>\n\t\t\t\t<\/div>\n\t\t","protected":false},"excerpt":{"rendered":"<p>Shoqata humanitare &#8220;Dumoshi&#8221; ka intensifikuar punimet n\u00eb infrastruktur\u00ebn e fshatit Dumosh, n\u00eb komun\u00ebn e Podujev\u00ebs, duke p\u00ebrmir\u00ebsuar k\u00ebshtu hap\u00ebsirat publike dhe cil\u00ebsin\u00eb e jetes\u00ebs p\u00ebr banor\u00ebt. Fillimisht, jan\u00eb p\u00ebrgatitur dhe lavruar sip\u00ebrfaqet e mjaftueshme dhe jan\u00eb mbushur me dhe t\u00eb p\u00ebrshtatsh\u00ebm p\u00ebr mbjellje. N\u00eb vijim, k\u00ebto hap\u00ebsira do t\u00eb gjelb\u00ebrohen me mbjelljen e barit dhe [&hellip;]<\/p>\n","protected":false},"author":1,"featured_media":0,"parent":0,"menu_order":0,"comment_status":"closed","ping_status":"closed","template":"elementor_header_footer","meta":{"footnotes":""},"class_list":["post-403","page","type-page","status-publish","hentry"],"_links":{"self":[{"href":"https:\/\/www.dumoshi.com\/sq\/wp-json\/wp\/v2\/pages\/403","targetHints":{"allow":["GET"]}}],"collection":[{"href":"https:\/\/www.dumoshi.com\/sq\/wp-json\/wp\/v2\/pages"}],"about":[{"href":"https:\/\/www.dumoshi.com\/sq\/wp-json\/wp\/v2\/types\/page"}],"author":[{"embeddable":true,"href":"https:\/\/www.dumoshi.com\/sq\/wp-json\/wp\/v2\/users\/1"}],"replies":[{"embeddable":true,"href":"https:\/\/www.dumoshi.com\/sq\/wp-json\/wp\/v2\/comments?post=403"}],"version-history":[{"count":7,"href":"https:\/\/www.dumoshi.com\/sq\/wp-json\/wp\/v2\/pages\/403\/revisions"}],"predecessor-version":[{"id":440,"href":"https:\/\/www.dumoshi.com\/sq\/wp-json\/wp\/v2\/pages\/403\/revisions\/440"}],"wp:attachment":[{"href":"https:\/\/www.dumoshi.com\/sq\/wp-json\/wp\/v2\/media?parent=403"}],"curies":[{"name":"wp","href":"https:\/\/api.w.org\/{rel}","templated":true}]}}