{"id":2,"date":"2024-05-21T06:16:34","date_gmt":"2024-05-21T06:16:34","guid":{"rendered":"https:\/\/dumoshi.com.gazetaliria.com\/wordpress\/?page_id=2"},"modified":"2025-11-03T13:04:06","modified_gmt":"2025-11-03T11:04:06","slug":"rreth-nesh","status":"publish","type":"page","link":"https:\/\/www.dumoshi.com\/en\/rreth-nesh\/","title":{"rendered":"About us"},"content":{"rendered":"<div data-elementor-type=\"wp-page\" data-elementor-id=\"2\" class=\"elementor elementor-2\">\n\t\t\t\t<div class=\"elementor-element elementor-element-5cbc26bb e-flex e-con-boxed e-con e-parent\" data-id=\"5cbc26bb\" data-element_type=\"container\" data-e-type=\"container\">\n\t\t\t\t\t<div class=\"e-con-inner\">\n\t\t\t\t<div class=\"elementor-element elementor-element-1653cd30 elementor-widget elementor-widget-text-editor\" data-id=\"1653cd30\" data-element_type=\"widget\" data-e-type=\"widget\" data-widget_type=\"text-editor.default\">\n\t\t\t\t<div class=\"elementor-widget-container\">\n\t\t\t\t\t\t\t\t\t<p><\/p>\n<p>The humanitarian association \"Dumoshi\", founded on October 3, 2021, in Zuchwill, Switzerland, by the diaspora of the village of Dumosh in cooperation with other residents, is a non-political, non-profit and non-religious association that aims to regulate the infrastructure of the village, including arranging the fields, planting grass, trees and the irrigation system.<\/p>\n<p>The first project is the arrangement of the village's infrastructure, followed by assistance for cases of urgent diseases of the inhabitants as well as the distribution of scholarships for distinguished students.<\/p>\n<p>The association's budget is provided by the membership and donors and is provided on a voluntary basis. The association has so far managed the budget with complete success and in a completely transparent manner.<\/p>\n<p>The association is open to membership from expatriates and associations from other countries, as well as local and international companies.<\/p>\n<p>The leadership of the association consists of:<\/p>\n<figure id=\"attachment_393\" aria-describedby=\"caption-attachment-393\" style=\"width: 300px\" class=\"wp-caption alignnone\"><img fetchpriority=\"high\" decoding=\"async\" class=\"wp-image-393 size-medium\" src=\"https:\/\/www.dumoshi.com\/wp-content\/uploads\/2024\/07\/Tefik-Bajrami-300x282.jpg\" alt=\"\" width=\"300\" height=\"282\" srcset=\"https:\/\/www.dumoshi.com\/wp-content\/uploads\/2024\/07\/Tefik-Bajrami-300x282.jpg 300w, https:\/\/www.dumoshi.com\/wp-content\/uploads\/2024\/07\/Tefik-Bajrami-1024x962.jpg 1024w, https:\/\/www.dumoshi.com\/wp-content\/uploads\/2024\/07\/Tefik-Bajrami-768x722.jpg 768w, https:\/\/www.dumoshi.com\/wp-content\/uploads\/2024\/07\/Tefik-Bajrami-13x12.jpg 13w, https:\/\/www.dumoshi.com\/wp-content\/uploads\/2024\/07\/Tefik-Bajrami.jpg 1498w\" sizes=\"(max-width: 300px) 100vw, 300px\" \/><figcaption id=\"caption-attachment-393\" class=\"wp-caption-text\">Tefik Bajrami\/Visoka &#8211; kryetar<\/figcaption><\/figure>\n<p>\u00a0<\/p>\n<figure id=\"attachment_392\" aria-describedby=\"caption-attachment-392\" style=\"width: 266px\" class=\"wp-caption alignnone\"><img decoding=\"async\" class=\"wp-image-392 size-medium\" src=\"https:\/\/www.dumoshi.com\/wp-content\/uploads\/2024\/07\/Mehdi-Podvorica-e1721118391548-266x300.jpg\" alt=\"\" width=\"266\" height=\"300\" srcset=\"https:\/\/www.dumoshi.com\/wp-content\/uploads\/2024\/07\/Mehdi-Podvorica-e1721118391548-266x300.jpg 266w, https:\/\/www.dumoshi.com\/wp-content\/uploads\/2024\/07\/Mehdi-Podvorica-e1721118391548-768x865.jpg 768w, https:\/\/www.dumoshi.com\/wp-content\/uploads\/2024\/07\/Mehdi-Podvorica-e1721118391548-11x12.jpg 11w, https:\/\/www.dumoshi.com\/wp-content\/uploads\/2024\/07\/Mehdi-Podvorica-e1721118391548.jpg 827w\" sizes=\"(max-width: 266px) 100vw, 266px\" \/><figcaption id=\"caption-attachment-392\" class=\"wp-caption-text\">Mehdi Podvorica \u2013 Secretary<\/figcaption><\/figure>\n<p>\u00a0 and<\/p>\n<p>Ragip Podvorica \u2013 Paymaster.<\/p>\n<p><\/p>\t\t\t\t\t\t\t\t<\/div>\n\t\t\t\t<\/div>\n\t\t\t\t\t<\/div>\n\t\t\t\t<\/div>\n\t\t\t\t<\/div>","protected":false},"excerpt":{"rendered":"<p>Shoqata humanitare &#8220;Dumoshi&#8221;, e themeluar me 3 Tetor 2021, n\u00eb Zuchwill, Zvic\u00ebr, nga diaspora e fshatit Dumosh n\u00eb bashk\u00ebpunim me banor\u00eb tjer\u00eb rezident\u00eb, \u00ebsht\u00eb nj\u00eb shoqat\u00eb jo-politike, jo-fitimprur\u00ebse dhe jo-religjioze q\u00eb synon t\u00eb rregulloj\u00eb infrastruktur\u00ebn e fshatit, duke p\u00ebrfshir\u00eb rregullimin e fushave, mbjelljen e barit, pem\u00ebve si dhe sistemin e ujitjes. Projekti i par\u00eb \u00ebsht\u00eb [&hellip;]<\/p>\n","protected":false},"author":1,"featured_media":0,"parent":0,"menu_order":0,"comment_status":"closed","ping_status":"open","template":"elementor_header_footer","meta":{"footnotes":""},"class_list":["post-2","page","type-page","status-publish","hentry"],"_links":{"self":[{"href":"https:\/\/www.dumoshi.com\/en\/wp-json\/wp\/v2\/pages\/2","targetHints":{"allow":["GET"]}}],"collection":[{"href":"https:\/\/www.dumoshi.com\/en\/wp-json\/wp\/v2\/pages"}],"about":[{"href":"https:\/\/www.dumoshi.com\/en\/wp-json\/wp\/v2\/types\/page"}],"author":[{"embeddable":true,"href":"https:\/\/www.dumoshi.com\/en\/wp-json\/wp\/v2\/users\/1"}],"replies":[{"embeddable":true,"href":"https:\/\/www.dumoshi.com\/en\/wp-json\/wp\/v2\/comments?post=2"}],"version-history":[{"count":30,"href":"https:\/\/www.dumoshi.com\/en\/wp-json\/wp\/v2\/pages\/2\/revisions"}],"predecessor-version":[{"id":411,"href":"https:\/\/www.dumoshi.com\/en\/wp-json\/wp\/v2\/pages\/2\/revisions\/411"}],"wp:attachment":[{"href":"https:\/\/www.dumoshi.com\/en\/wp-json\/wp\/v2\/media?parent=2"}],"curies":[{"name":"wp","href":"https:\/\/api.w.org\/{rel}","templated":true}]}}